{"id":127,"date":"2013-05-31T10:07:44","date_gmt":"2013-05-31T08:07:44","guid":{"rendered":"http:\/\/www.metallblasinstrumentenbau-fiedelak.de\/?page_id=127"},"modified":"2020-04-30T06:52:12","modified_gmt":"2020-04-30T04:52:12","slug":"startseite","status":"publish","type":"page","link":"http:\/\/www.metallblasinstrumentenbau-fiedelak.de\/","title":{"rendered":"Herzlich Willkommen"},"content":{"rendered":"<p>Egal ob Anf\u00e4nger oder Profimusiker bei mir sind Sie genau im richtigen Fachgesch\u00e4ft, wenn es sich um den Verkauf, Reparatur oder Neubau von Metallblasinstrumenten handelt.<\/p>\n<p><strong><span class=\"st\"><br \/>\n\u00d6ffnungszeiten<\/span><\/strong><\/p>\n<p>Montag &#8211; Freitag \u00a014.00 &#8211; 18.00 Uhr<\/p>\n<p>Samstag\u00a0 \u00a0 \u00a0 \u00a0 \u00a0 \u00a0 \u00a0 \u00a0 \u00a0 \u00a0 \u00a09.00 &#8211; 12.00 Uhr<\/p>\n<p style=\"text-align: center;\">\n","protected":false},"excerpt":{"rendered":"<p>Egal ob Anf\u00e4nger oder Profimusiker bei mir sind Sie genau im richtigen Fachgesch\u00e4ft, wenn es sich um den Verkauf, Reparatur oder Neubau von Metallblasinstrumenten handelt. \u00d6ffnungszeiten Montag &#8211; Freitag \u00a014.00 &#8211; 18.00 Uhr Samstag\u00a0 \u00a0 \u00a0 \u00a0 \u00a0 \u00a0 \u00a0 \u00a0 \u00a0 \u00a0 \u00a09.00 &#8211; 12.00 Uhr<\/p>\n","protected":false},"author":1,"featured_media":0,"parent":0,"menu_order":0,"comment_status":"closed","ping_status":"closed","template":"","meta":{"footnotes":""},"class_list":["post-127","page","type-page","status-publish","hentry"],"_links":{"self":[{"href":"http:\/\/www.metallblasinstrumentenbau-fiedelak.de\/index.php?rest_route=\/wp\/v2\/pages\/127","targetHints":{"allow":["GET"]}}],"collection":[{"href":"http:\/\/www.metallblasinstrumentenbau-fiedelak.de\/index.php?rest_route=\/wp\/v2\/pages"}],"about":[{"href":"http:\/\/www.metallblasinstrumentenbau-fiedelak.de\/index.php?rest_route=\/wp\/v2\/types\/page"}],"author":[{"embeddable":true,"href":"http:\/\/www.metallblasinstrumentenbau-fiedelak.de\/index.php?rest_route=\/wp\/v2\/users\/1"}],"replies":[{"embeddable":true,"href":"http:\/\/www.metallblasinstrumentenbau-fiedelak.de\/index.php?rest_route=%2Fwp%2Fv2%2Fcomments&post=127"}],"version-history":[{"count":18,"href":"http:\/\/www.metallblasinstrumentenbau-fiedelak.de\/index.php?rest_route=\/wp\/v2\/pages\/127\/revisions"}],"predecessor-version":[{"id":471,"href":"http:\/\/www.metallblasinstrumentenbau-fiedelak.de\/index.php?rest_route=\/wp\/v2\/pages\/127\/revisions\/471"}],"wp:attachment":[{"href":"http:\/\/www.metallblasinstrumentenbau-fiedelak.de\/index.php?rest_route=%2Fwp%2Fv2%2Fmedia&parent=127"}],"curies":[{"name":"wp","href":"https:\/\/api.w.org\/{rel}","templated":true}]}}